{"id":1379,"date":"2021-05-14T15:22:33","date_gmt":"2021-05-14T15:22:33","guid":{"rendered":"http:\/\/vorschau.we-digitalise.de\/sandeco\/?page_id=1379"},"modified":"2021-06-21T06:09:58","modified_gmt":"2021-06-21T06:09:58","slug":"galerie","status":"publish","type":"page","link":"https:\/\/vorschau.we-digitalise.de\/sandeco\/galerie\/","title":{"rendered":"Galerie"},"content":{"rendered":"\t\t<div data-elementor-type=\"wp-page\" data-elementor-id=\"1379\" class=\"elementor elementor-1379\" data-elementor-settings=\"[]\">\n\t\t\t\t\t\t\t<div class=\"elementor-section-wrap\">\n\t\t\t\t\t\t\t<section data-particle_enable=\"false\" data-particle-mobile-disabled=\"false\" class=\"elementor-section elementor-top-section elementor-element elementor-element-93e39c3 elementor-section-boxed elementor-section-height-default elementor-section-height-default\" data-id=\"93e39c3\" data-element_type=\"section\">\n\t\t\t\t\t\t<div class=\"elementor-container elementor-column-gap-default\">\n\t\t\t\t\t<div class=\"elementor-column elementor-col-100 elementor-top-column elementor-element elementor-element-1ccb593\" data-id=\"1ccb593\" data-element_type=\"column\">\n\t\t\t<div class=\"elementor-widget-wrap elementor-element-populated\">\n\t\t\t\t\t\t\t\t<div class=\"elementor-element elementor-element-9d85281 elementor-widget elementor-widget-gallery\" data-id=\"9d85281\" data-element_type=\"widget\" data-settings=\"{&quot;gallery_layout&quot;:&quot;masonry&quot;,&quot;columns&quot;:3,&quot;lazyload&quot;:&quot;yes&quot;,&quot;columns_tablet&quot;:2,&quot;columns_mobile&quot;:1,&quot;gap&quot;:{&quot;unit&quot;:&quot;px&quot;,&quot;size&quot;:10,&quot;sizes&quot;:[]},&quot;gap_tablet&quot;:{&quot;unit&quot;:&quot;px&quot;,&quot;size&quot;:10,&quot;sizes&quot;:[]},&quot;gap_mobile&quot;:{&quot;unit&quot;:&quot;px&quot;,&quot;size&quot;:10,&quot;sizes&quot;:[]},&quot;link_to&quot;:&quot;file&quot;,&quot;overlay_background&quot;:&quot;yes&quot;,&quot;content_hover_animation&quot;:&quot;fade-in&quot;}\" data-widget_type=\"gallery.default\">\n\t\t\t\t<div class=\"elementor-widget-container\">\n\t\t\t\t\t<div class=\"elementor-gallery__container\">\n\t\t\t\t\t\t\t<a class=\"e-gallery-item elementor-gallery-item elementor-animated-content\" href=\"https:\/\/vorschau.we-digitalise.de\/sandeco\/wp-content\/uploads\/2021\/05\/DSC1954-1920w-scaled.jpg\" data-elementor-open-lightbox=\"yes\" data-elementor-lightbox-slideshow=\"all-9d85281\" data-elementor-lightbox-title=\"_DSC1954-1920w\">\n\t\t\t\t\t<div class=\"e-gallery-image elementor-gallery-item__image\" data-thumbnail=\"https:\/\/vorschau.we-digitalise.de\/sandeco\/wp-content\/uploads\/2021\/05\/DSC1954-1920w-scaled.jpg\" data-width=\"1700\" data-height=\"2560\" alt=\"\" ><\/div>\n\t\t\t\t\t\t\t\t\t\t<div class=\"elementor-gallery-item__overlay\"><\/div>\n\t\t\t\t\t\t\t\t\t\t\t\t\t\t<\/a>\n\t\t\t\t\t\t\t<a class=\"e-gallery-item elementor-gallery-item elementor-animated-content\" href=\"https:\/\/vorschau.we-digitalise.de\/sandeco\/wp-content\/uploads\/2021\/05\/DSC7229-1920w.jpg\" data-elementor-open-lightbox=\"yes\" data-elementor-lightbox-slideshow=\"all-9d85281\" data-elementor-lightbox-title=\"_DSC7229-1920w\">\n\t\t\t\t\t<div class=\"e-gallery-image elementor-gallery-item__image\" data-thumbnail=\"https:\/\/vorschau.we-digitalise.de\/sandeco\/wp-content\/uploads\/2021\/05\/DSC7229-1920w.jpg\" data-width=\"1920\" data-height=\"1275\" alt=\"\" ><\/div>\n\t\t\t\t\t\t\t\t\t\t<div class=\"elementor-gallery-item__overlay\"><\/div>\n\t\t\t\t\t\t\t\t\t\t\t\t\t\t<\/a>\n\t\t\t\t\t\t\t<a class=\"e-gallery-item elementor-gallery-item elementor-animated-content\" href=\"https:\/\/vorschau.we-digitalise.de\/sandeco\/wp-content\/uploads\/2021\/05\/DSC7816-1920w-scaled.jpg\" data-elementor-open-lightbox=\"yes\" data-elementor-lightbox-slideshow=\"all-9d85281\" data-elementor-lightbox-title=\"_DSC7816-1920w\">\n\t\t\t\t\t<div class=\"e-gallery-image elementor-gallery-item__image\" data-thumbnail=\"https:\/\/vorschau.we-digitalise.de\/sandeco\/wp-content\/uploads\/2021\/05\/DSC7816-1920w-scaled.jpg\" data-width=\"1700\" data-height=\"2560\" alt=\"\" ><\/div>\n\t\t\t\t\t\t\t\t\t\t<div class=\"elementor-gallery-item__overlay\"><\/div>\n\t\t\t\t\t\t\t\t\t\t\t\t\t\t<\/a>\n\t\t\t\t\t\t\t<a class=\"e-gallery-item elementor-gallery-item elementor-animated-content\" href=\"https:\/\/vorschau.we-digitalise.de\/sandeco\/wp-content\/uploads\/2021\/05\/DSC2554-1920w.jpg\" data-elementor-open-lightbox=\"yes\" data-elementor-lightbox-slideshow=\"all-9d85281\" data-elementor-lightbox-title=\"_DSC2554-1920w\">\n\t\t\t\t\t<div class=\"e-gallery-image elementor-gallery-item__image\" data-thumbnail=\"https:\/\/vorschau.we-digitalise.de\/sandeco\/wp-content\/uploads\/2021\/05\/DSC2554-1920w.jpg\" data-width=\"1920\" data-height=\"1275\" alt=\"\" ><\/div>\n\t\t\t\t\t\t\t\t\t\t<div class=\"elementor-gallery-item__overlay\"><\/div>\n\t\t\t\t\t\t\t\t\t\t\t\t\t\t<\/a>\n\t\t\t\t\t\t\t<a class=\"e-gallery-item elementor-gallery-item elementor-animated-content\" href=\"https:\/\/vorschau.we-digitalise.de\/sandeco\/wp-content\/uploads\/2021\/05\/DSC7383-1920w.jpg\" data-elementor-open-lightbox=\"yes\" data-elementor-lightbox-slideshow=\"all-9d85281\" data-elementor-lightbox-title=\"_DSC7383-1920w\">\n\t\t\t\t\t<div class=\"e-gallery-image elementor-gallery-item__image\" data-thumbnail=\"https:\/\/vorschau.we-digitalise.de\/sandeco\/wp-content\/uploads\/2021\/05\/DSC7383-1920w.jpg\" data-width=\"1920\" data-height=\"1275\" alt=\"\" ><\/div>\n\t\t\t\t\t\t\t\t\t\t<div class=\"elementor-gallery-item__overlay\"><\/div>\n\t\t\t\t\t\t\t\t\t\t\t\t\t\t<\/a>\n\t\t\t\t\t\t\t<a class=\"e-gallery-item elementor-gallery-item elementor-animated-content\" href=\"https:\/\/vorschau.we-digitalise.de\/sandeco\/wp-content\/uploads\/2021\/05\/DSC0382-1920w.jpg\" data-elementor-open-lightbox=\"yes\" data-elementor-lightbox-slideshow=\"all-9d85281\" data-elementor-lightbox-title=\"_DSC0382-1920w\">\n\t\t\t\t\t<div class=\"e-gallery-image elementor-gallery-item__image\" data-thumbnail=\"https:\/\/vorschau.we-digitalise.de\/sandeco\/wp-content\/uploads\/2021\/05\/DSC0382-1920w.jpg\" data-width=\"1920\" data-height=\"1275\" alt=\"\" ><\/div>\n\t\t\t\t\t\t\t\t\t\t<div class=\"elementor-gallery-item__overlay\"><\/div>\n\t\t\t\t\t\t\t\t\t\t\t\t\t\t<\/a>\n\t\t\t\t\t\t\t<a class=\"e-gallery-item elementor-gallery-item elementor-animated-content\" href=\"https:\/\/vorschau.we-digitalise.de\/sandeco\/wp-content\/uploads\/2021\/05\/DSC7382-1920w.jpg\" data-elementor-open-lightbox=\"yes\" data-elementor-lightbox-slideshow=\"all-9d85281\" data-elementor-lightbox-title=\"_DSC7382-1920w\">\n\t\t\t\t\t<div class=\"e-gallery-image elementor-gallery-item__image\" data-thumbnail=\"https:\/\/vorschau.we-digitalise.de\/sandeco\/wp-content\/uploads\/2021\/05\/DSC7382-1920w.jpg\" data-width=\"1920\" data-height=\"1275\" alt=\"\" ><\/div>\n\t\t\t\t\t\t\t\t\t\t<div class=\"elementor-gallery-item__overlay\"><\/div>\n\t\t\t\t\t\t\t\t\t\t\t\t\t\t<\/a>\n\t\t\t\t\t\t\t<a class=\"e-gallery-item elementor-gallery-item elementor-animated-content\" href=\"https:\/\/vorschau.we-digitalise.de\/sandeco\/wp-content\/uploads\/2021\/05\/DSC8959-1920w.jpg\" data-elementor-open-lightbox=\"yes\" data-elementor-lightbox-slideshow=\"all-9d85281\" data-elementor-lightbox-title=\"_DSC8959-1920w\">\n\t\t\t\t\t<div class=\"e-gallery-image elementor-gallery-item__image\" data-thumbnail=\"https:\/\/vorschau.we-digitalise.de\/sandeco\/wp-content\/uploads\/2021\/05\/DSC8959-1920w.jpg\" data-width=\"1400\" data-height=\"1050\" alt=\"\" ><\/div>\n\t\t\t\t\t\t\t\t\t\t<div class=\"elementor-gallery-item__overlay\"><\/div>\n\t\t\t\t\t\t\t\t\t\t\t\t\t\t<\/a>\n\t\t\t\t\t<\/div>\n\t\t\t<\/div>\n\t\t\t\t<\/div>\n\t\t\t\t\t<\/div>\n\t\t<\/div>\n\t\t\t\t\t\t\t<\/div>\n\t\t<\/section>\n\t\t\t\t<section data-particle_enable=\"false\" data-particle-mobile-disabled=\"false\" class=\"elementor-section elementor-top-section elementor-element elementor-element-44b3706c elementor-section-full_width elementor-section-height-default elementor-section-height-default\" data-id=\"44b3706c\" data-element_type=\"section\">\n\t\t\t\t\t\t<div class=\"elementor-container elementor-column-gap-no\">\n\t\t\t\t\t<div class=\"elementor-column elementor-col-100 elementor-top-column elementor-element elementor-element-466d6241\" data-id=\"466d6241\" data-element_type=\"column\">\n\t\t\t<div class=\"elementor-widget-wrap elementor-element-populated\">\n\t\t\t\t\t\t\t\t<div class=\"elementor-element elementor-element-653a5668 elementor-widget elementor-widget-template\" data-id=\"653a5668\" data-element_type=\"widget\" data-widget_type=\"template.default\">\n\t\t\t\t<div class=\"elementor-widget-container\">\n\t\t\t\t\t<div class=\"elementor-template\">\n\t\t\t\t\t<div data-elementor-type=\"page\" data-elementor-id=\"2061\" class=\"elementor elementor-2061\" data-elementor-settings=\"[]\">\n\t\t\t\t\t\t\t<div class=\"elementor-section-wrap\">\n\t\t\t\t\t\t\t<section data-particle_enable=\"false\" data-particle-mobile-disabled=\"false\" class=\"elementor-section elementor-top-section elementor-element elementor-element-e2d2302 elementor-section-full_width elementor-section-height-default elementor-section-height-default\" data-id=\"e2d2302\" data-element_type=\"section\">\n\t\t\t\t\t\t<div class=\"elementor-container elementor-column-gap-no\">\n\t\t\t\t\t<div class=\"elementor-column elementor-col-100 elementor-top-column elementor-element elementor-element-ee0c841\" data-id=\"ee0c841\" data-element_type=\"column\">\n\t\t\t<div class=\"elementor-widget-wrap elementor-element-populated\">\n\t\t\t\t\t\t\t\t<div class=\"elementor-element elementor-element-2fed32e elementor-widget elementor-widget-wazors_footer\" data-id=\"2fed32e\" data-element_type=\"widget\" data-widget_type=\"wazors_footer.default\">\n\t\t\t\t<div class=\"elementor-widget-container\">\n\t\t\t\n<!--Start footer area-->\n<footer class=\"footer-area\">\n\t<div class=\"layer-outer\">\n\t\t<div class=\"shape1 wow slideInLeft\" data-wow-delay=\"100ms\" data-wow-duration=\"2500ms\"\n\t\t\tstyle=\"background-image: url(http:\/\/vorschau.we-digitalise.de\/sandeco\/wp-content\/uploads\/footer-shape-1.png)\"><\/div>\n\t\t<div class=\"shape2 rotate-me\">\n\t\t\t<img loading=\"lazy\" decoding=\"async\" width=\"192\" height=\"185\" src=\"https:\/\/vorschau.we-digitalise.de\/sandeco\/wp-content\/uploads\/2020\/09\/footer-shape-2.png\" class=\"attachment-full size-full\" alt=\"\" \/>\t\t<\/div>\n\t\t<div class=\"shape3 wow slideInRight\" data-wow-delay=\"100ms\" data-wow-duration=\"3500ms\">\n\t\t\t<img loading=\"lazy\" decoding=\"async\" width=\"243\" height=\"627\" src=\"https:\/\/vorschau.we-digitalise.de\/sandeco\/wp-content\/uploads\/2020\/09\/footer-shape-3.png\" class=\"attachment-full size-full\" alt=\"\" \/>\t\t<\/div>\n\t<\/div>\n\t<div class=\"footer\">\n\t\t<div class=\"container\">\n\t\t\t<div class=\"row\">\n\t\t\t\t<!--Start single footer widget-->\n\t\t\t\t<div class=\"col-xl-3 col-lg-6 col-md-6 col-sm-12 wow animated fadeInDown\"\n\t\t\t\t\tdata-wow-delay=\"200ms\">\n\t\t\t\t\t<div class=\"single-footer-widget marbtm\">\n\t\t\t\t\t\t<div class=\"our-company-info\">\n\t\t\t\t\t\t\t<div class=\"footer-logo\">\n\t\t\t\t\t\t\t\t<img loading=\"lazy\" decoding=\"async\" width=\"147\" height=\"147\" src=\"https:\/\/vorschau.we-digitalise.de\/sandeco\/wp-content\/uploads\/2020\/10\/San-Deco-df-282-29-f8002795-3dca20e4-1920w-2.png\" class=\"attachment-full size-full\" alt=\"\" \/>\t\t\t\t\t\t\t<\/div>\n\t\t\t\t\t\t\t<div class=\"text\">\n\t\t\t\t\t\t\t\t<p class=\"typo-content-text\">\n\t\t\t\t\t\t\t\t\tKontaktieren Sie uns bei Fragen oder einem anderen Anliegen.<\/p>\n\t\t\t\t\t\t\t<\/div>\n\t\t\t\t\t\t\t<div class=\"footer-contact-info\">\n\t\t\t\t\t\t\t\t<ul>\n\t\t\t\t\t\t\t\t\t\t\t\t\t\t\t\t\t\t<li>\n\t\t\t\t\t\t\t\t\t\t<div class=\"icon\">\n\t\t\t\t\t\t\t\t\t\t\t<span class=\" flaticon-telephone thm-clr\"><\/span>\n\t\t\t\t\t\t\t\t\t\t<\/div>\n\t\t\t\t\t\t\t\t\t\t\t\t\t\t\t\t\t\t\t\t<div class=\"title\">\n\t\t\t\t\t\t\t\t\t\t\t<p><a\n\t\t\t\t\t\t\t\t\t\t\t\t\thref=\"tel:022188055597\" class=\"\" target=\"_blank\" rel=\"nofollow\">0221 - 880 55 597<\/a>\n\t\t\t\t\t\t\t\t\t\t\t<\/p>\n\t\t\t\t\t\t\t\t\t\t<\/div>\n\t\t\t\t\t\t\t\t\t\t\t\n\t\t\t\t\t\t\t\t\t<\/li>\n\t\t\t\t\t\t\t\t\t\t\t\t\t\t\t\t\t\t\t<li>\n\t\t\t\t\t\t\t\t\t\t<div class=\"icon\">\n\t\t\t\t\t\t\t\t\t\t\t<span class=\" flaticon-email thm-clr\"><\/span>\n\t\t\t\t\t\t\t\t\t\t<\/div>\n\t\t\t\t\t\t\t\t\t\t\t\t\t\t\t\t\t\t\t\t<div class=\"title\">\n\t\t\t\t\t\t\t\t\t\t\t<p><a\n\t\t\t\t\t\t\t\t\t\t\t\t\thref=\"mailto:info@sandeco-farben.de\" class=\"\" target=\"_blank\" rel=\"nofollow\">info@sandeco-farben.de<\/a>\n\t\t\t\t\t\t\t\t\t\t\t<\/p>\n\t\t\t\t\t\t\t\t\t\t<\/div>\n\t\t\t\t\t\t\t\t\t\t\t\n\t\t\t\t\t\t\t\t\t<\/li>\n\t\t\t\t\t\t\t\t\t\t\t\t\t\t\t\t\t\t\t<li>\n\t\t\t\t\t\t\t\t\t\t<div class=\"icon\">\n\t\t\t\t\t\t\t\t\t\t\t<span class=\" flaticon-pin-1 thm-clr\"><\/span>\n\t\t\t\t\t\t\t\t\t\t<\/div>\n\t\t\t\t\t\t\t\t\t\t\t\t\t\t\t\t\t\t\t\t<div class=\"title\">\n\t\t\t\t\t\t\t\t\t\t\t<p> Olpener Stra\u00dfe 268-272, 51103 K\u00f6ln, Germany <\/p>\n\t\t\t\t\t\t\t\t\t\t<\/div>\n\t\t\t\t\t\t\t\t\t\t\n\t\t\t\t\t\t\t\t\t<\/li>\n\t\t\t\t\t\t\t\t\t\t\t\t\t\t\t\t\t\t<\/ul>\n\t\t\t\t\t\t\t<\/div>\n\n\t\t\t\t\t\t<\/div>\n\t\t\t\t\t<\/div>\n\t\t\t\t<\/div>\n\t\t\t\t<!--End single footer widget-->\n\t\t\t\t\t\t\t\t<!--Start single footer widget-->\n\t\t\t\t<div class=\"col-xl-2 col-lg-6 col-md-6 col-sm-12 wow animated fadeInDown\"\n\t\t\t\t\tdata-wow-delay=\"400ms\">\n\t\t\t\t\t<div class=\"single-footer-widget martop20 marleft40 marbtm\">\n\t\t\t\t\t\t<div class=\"title\">\n\t\t\t\t\t\t\t<!-- Title -->\n\t\t\t\t\t\t\t<h3\t\t\t\t\t\t\t\tclass=\"typo-title-text\">\n\t\t\t\t\t\t\t\tLinks\t\t\t\t\t\t\t<\/h3>\n\t\t\t\t\t\t\t<!-- Title -->\n\t\t\t\t\t\t<\/div>\n\t\t\t\t\t\t<ul class=\"footer-widget-links1\">\n\t\t\t\t\t\t\t<li><a href=\"https:\/\/vorschau.we-digitalise.de\/sandeco\/\" title=\"Home\">Home<\/a><\/li><li><a href=\"https:\/\/vorschau.we-digitalise.de\/sandeco\/galerie\/\" title=\"Galerie\">Galerie<\/a><\/li><li><a href=\"https:\/\/vorschau.we-digitalise.de\/sandeco\/produkte\/\" title=\"Produkte\">Produkte<\/a><\/li><li><a href=\"https:\/\/vorschau.we-digitalise.de\/sandeco\/produktvideos\/\" title=\"Produktvideos\">Produktvideos<\/a><\/li><li><a href=\"https:\/\/vorschau.we-digitalise.de\/sandeco\/workshops-anmeldung\/\" title=\"Workshops\">Workshops<\/a><\/li><li><a href=\"https:\/\/vorschau.we-digitalise.de\/sandeco\/impressum\/\" title=\"Impressum\">Impressum<\/a><\/li><li><a href=\"https:\/\/vorschau.we-digitalise.de\/sandeco\/datenschutzbedingungen\/\" title=\"Datenschutz\">Datenschutz<\/a><\/li>\t\t\t\t\t\t<\/ul>\n\t\t\t\t\t<\/div>\n\t\t\t\t<\/div>\n\t\t\t\t<!--End single footer widget-->\n\t\t\t\t\t\t\t\t\t<!--Start single footer widget-->\n\t\t\t\t<div class=\"col-xl-3 col-lg-6 col-md-6 col-sm-12 wow animated fadeInDown\"\n\t\t\t\t\tdata-wow-delay=\"600ms\">\n\t\t\t\t\t<div class=\"single-footer-widget martop20 marleft40\">\n\t\t\t\t\t\t<div class=\"title\">\n\t\t\t\t\t\t\t<!-- Title -->\n\t\t\t\t\t\t\t<h3\t\t\t\t\t\t\t\tclass=\"typo-title-text\">\n\t\t\t\t\t\t\t\tProdukte\t\t\t\t\t\t\t<\/h3>\n\t\t\t\t\t\t\t<!-- Title -->\n\t\t\t\t\t\t<\/div>\n\t\t\t\t\t\t<ul class=\"footer-widget-links2\">\n\t\t\t\t\t\t\t<li><a href=\"https:\/\/vorschau.we-digitalise.de\/sandeco\/produkte\/malerwerkzeuge\/\" title=\"Malerwerkzeuge\">Malerwerkzeuge<\/a><\/li><li><a href=\"https:\/\/vorschau.we-digitalise.de\/sandeco\/produkte\/dekorative-farben\/\" title=\"Dekorative Farben\">Dekorative Farben<\/a><\/li><li><a href=\"https:\/\/vorschau.we-digitalise.de\/sandeco\/produkte\/schablonen\/\" title=\"Schablonen\">Schablonen<\/a><\/li>\t\t\t\t\t\t<\/ul>\n\t\t\t\t\t<\/div>\n\t\t\t\t<\/div>\n\t\t\t\t<!--End single footer widget-->\n\t\t\t\t\t\t\t\t\t<!--Start single footer widget-->\n\t\t\t\t<div class=\"col-xl-4 col-lg-6 col-md-6 col-sm-12 wow animated fadeInDown\"\n\t\t\t\t\tdata-wow-delay=\"800ms\">\n\t\t\t\t\t<div class=\"single-footer-widget pdtop martop20\">\n\t\t\t\t\t\t<div class=\"title\">\n\t\t\t\t\t\t\t<!-- Title -->\n\t\t\t\t\t\t\t<h3\t\t\t\t\t\t\t\tclass=\"typo-title-text\">\n\t\t\t\t\t\t\t\tSoziale Medien\t\t\t\t\t\t\t<\/h3>\n\t\t\t\t\t\t\t<!-- Title -->\n\t\t\t\t\t\t<\/div>\n\t\t\t\t\t\t<div class=\"subscribe-box\">\n\t\t\t\t\t\t\t<div class=\"text\">\n\t\t\t\t\t\t\t\t<p class=\"typo-content-text\">\n\t\t\t\t\t\t\t\t\tIn den sozialen Netzwerken k\u00f6nnen Sie uns jederzeit kontaktieren und erfahren regelm\u00e4\u00dfig mehr \u00fcber unser Unternehmen.<\/p>\n\t\t\t\t\t\t\t<\/div>\n\t\t\t\t\t\t\t<div role=\"form\" class=\"wpcf7\" id=\"wpcf7-f674-o1\" lang=\"en-US\" dir=\"ltr\">\n<div class=\"screen-reader-response\"><p role=\"status\" aria-live=\"polite\" aria-atomic=\"true\"><\/p> <ul><\/ul><\/div>\n<form action=\"\/sandeco\/wp-json\/wp\/v2\/pages\/1379#wpcf7-f674-o1\" method=\"post\" class=\"wpcf7-form init\" novalidate=\"novalidate\" data-status=\"init\">\n<div style=\"display: none;\">\n<input type=\"hidden\" name=\"_wpcf7\" value=\"674\" \/>\n<input type=\"hidden\" name=\"_wpcf7_version\" value=\"5.4.1\" \/>\n<input type=\"hidden\" name=\"_wpcf7_locale\" value=\"en_US\" \/>\n<input type=\"hidden\" name=\"_wpcf7_unit_tag\" value=\"wpcf7-f674-o1\" \/>\n<input type=\"hidden\" name=\"_wpcf7_container_post\" value=\"0\" \/>\n<input type=\"hidden\" name=\"_wpcf7_posted_data_hash\" value=\"\" \/>\n<\/div>\n<div class=\"subscribe-form\">\n<span class=\"wpcf7-form-control-wrap email\"><input type=\"email\" name=\"email\" value=\"\" size=\"40\" class=\"wpcf7-form-control wpcf7-text wpcf7-email wpcf7-validates-as-email\" aria-invalid=\"false\" placeholder=\"Email address\" \/><\/span><br \/>\n<input type=\"submit\" value=\"Go\" class=\"wpcf7-form-control wpcf7-submit thm-bgclr submit\" \/>\n<\/div>\n<div class=\"wpcf7-response-output\" aria-hidden=\"true\"><\/div><\/form><\/div>\t\t\t\t\t\t\t<div class=\"header-social-link pull-right\">\n\t\t\t\t\t\t\t\t<ul>\n\t\t\t\t\t\t\t\t\t\t\t\t\t\t\t\t\t\t<li>\n\t\t\t\t\t\t\t\t\t\t<a\n\t\t\t\t\t\t\t\t\t\t\thref=\"https:\/\/www.facebook.com\/sandecode\/\" class=\"\" target=\"_blank\" rel=\"nofollow\"><i aria-hidden=\"true\" class=\"fab fa-facebook-f\"><\/i><\/a>\n\t\t\t\t\t\t\t\t\t<\/li>\n\t\t\t\t\t\t\t\t\t\t\t\t\t\t\t\t\t\t\t<li>\n\t\t\t\t\t\t\t\t\t\t<a\n\t\t\t\t\t\t\t\t\t\t\thref=\"https:\/\/www.instagram.com\/sandeco_germany\/?hl=de\" class=\"\" target=\"_blank\" rel=\"nofollow\"><i aria-hidden=\"true\" class=\"fab fa-instagram\"><\/i><\/a>\n\t\t\t\t\t\t\t\t\t<\/li>\n\t\t\t\t\t\t\t\t\t\t\t\t\t\t\t\t\t\t\t<li>\n\t\t\t\t\t\t\t\t\t\t<a\n\t\t\t\t\t\t\t\t\t\t\thref=\"https:\/\/mobile.twitter.com\/sandecoofficial?lang=de\" class=\"\" target=\"_blank\" rel=\"nofollow\"><i aria-hidden=\"true\" class=\"fab fa-twitter\"><\/i><\/a>\n\t\t\t\t\t\t\t\t\t<\/li>\n\t\t\t\t\t\t\t\t\t\t\t\t\t\t\t\t\t\t<\/ul>\n\t\t\t\t\t\t\t<\/div>\n\n\t\t\t\t\t\t<\/div>\n\t\t\t\t\t<\/div>\n\t\t\t\t<\/div>\n\t\t\t\t<!--End single footer widget-->\n\t\t\t\t\t\t\t<\/div>\n\t\t<\/div>\n\t<\/div>\n\t\t<\/footer>\n\n\t\t\t\t<\/div>\n\t\t\t\t<\/div>\n\t\t\t\t\t<\/div>\n\t\t<\/div>\n\t\t\t\t\t\t\t<\/div>\n\t\t<\/section>\n\t\t\t\t\t\t<\/div>\n\t\t\t\t\t<\/div>\n\t\t\t\t<\/div>\n\t\t\t\t<\/div>\n\t\t\t\t<\/div>\n\t\t\t\t\t<\/div>\n\t\t<\/div>\n\t\t\t\t\t\t\t<\/div>\n\t\t<\/section>\n\t\t\t\t\t\t<\/div>\n\t\t\t\t\t<\/div>\n\t\t","protected":false},"excerpt":{"rendered":"","protected":false},"author":1,"featured_media":0,"parent":0,"menu_order":0,"comment_status":"closed","ping_status":"closed","template":"elementor_header_footer","meta":{"footnotes":""},"class_list":["post-1379","page","type-page","status-publish","hentry"],"yoast_head":"<!-- This site is optimized with the Yoast SEO plugin v27.4 - https:\/\/yoast.com\/product\/yoast-seo-wordpress\/ -->\n<title>Galerie - San Deco Vorschau<\/title>\n<meta name=\"robots\" content=\"index, follow, max-snippet:-1, max-image-preview:large, max-video-preview:-1\" \/>\n<link rel=\"canonical\" href=\"http:\/\/vorschau.we-digitalise.de\/sandeco\/galerie\/\" \/>\n<meta property=\"og:locale\" content=\"de_DE\" \/>\n<meta property=\"og:type\" content=\"article\" \/>\n<meta property=\"og:title\" content=\"Galerie - San Deco Vorschau\" \/>\n<meta property=\"og:url\" content=\"http:\/\/vorschau.we-digitalise.de\/sandeco\/galerie\/\" \/>\n<meta property=\"og:site_name\" content=\"San Deco Vorschau\" \/>\n<meta property=\"article:modified_time\" content=\"2021-06-21T06:09:58+00:00\" \/>\n<meta name=\"twitter:card\" content=\"summary_large_image\" \/>\n<meta name=\"twitter:label1\" content=\"Gesch\u00e4tzte Lesezeit\" \/>\n\t<meta name=\"twitter:data1\" content=\"2\u00a0Minuten\" \/>\n<script type=\"application\/ld+json\" class=\"yoast-schema-graph\">{\"@context\":\"https:\\\/\\\/schema.org\",\"@graph\":[{\"@type\":\"WebPage\",\"@id\":\"http:\\\/\\\/vorschau.we-digitalise.de\\\/sandeco\\\/galerie\\\/\",\"url\":\"http:\\\/\\\/vorschau.we-digitalise.de\\\/sandeco\\\/galerie\\\/\",\"name\":\"Galerie - San Deco Vorschau\",\"isPartOf\":{\"@id\":\"https:\\\/\\\/vorschau.we-digitalise.de\\\/sandeco\\\/#website\"},\"datePublished\":\"2021-05-14T15:22:33+00:00\",\"dateModified\":\"2021-06-21T06:09:58+00:00\",\"breadcrumb\":{\"@id\":\"http:\\\/\\\/vorschau.we-digitalise.de\\\/sandeco\\\/galerie\\\/#breadcrumb\"},\"inLanguage\":\"de\",\"potentialAction\":[{\"@type\":\"ReadAction\",\"target\":[\"http:\\\/\\\/vorschau.we-digitalise.de\\\/sandeco\\\/galerie\\\/\"]}]},{\"@type\":\"BreadcrumbList\",\"@id\":\"http:\\\/\\\/vorschau.we-digitalise.de\\\/sandeco\\\/galerie\\\/#breadcrumb\",\"itemListElement\":[{\"@type\":\"ListItem\",\"position\":1,\"name\":\"Home\",\"item\":\"https:\\\/\\\/vorschau.we-digitalise.de\\\/sandeco\\\/\"},{\"@type\":\"ListItem\",\"position\":2,\"name\":\"Galerie\"}]},{\"@type\":\"WebSite\",\"@id\":\"https:\\\/\\\/vorschau.we-digitalise.de\\\/sandeco\\\/#website\",\"url\":\"https:\\\/\\\/vorschau.we-digitalise.de\\\/sandeco\\\/\",\"name\":\"San Deco Vorschau\",\"description\":\"Just another WordPress site\",\"potentialAction\":[{\"@type\":\"SearchAction\",\"target\":{\"@type\":\"EntryPoint\",\"urlTemplate\":\"https:\\\/\\\/vorschau.we-digitalise.de\\\/sandeco\\\/?s={search_term_string}\"},\"query-input\":{\"@type\":\"PropertyValueSpecification\",\"valueRequired\":true,\"valueName\":\"search_term_string\"}}],\"inLanguage\":\"de\"}]}<\/script>\n<!-- \/ Yoast SEO plugin. -->","yoast_head_json":{"title":"Galerie - San Deco Vorschau","robots":{"index":"index","follow":"follow","max-snippet":"max-snippet:-1","max-image-preview":"max-image-preview:large","max-video-preview":"max-video-preview:-1"},"canonical":"http:\/\/vorschau.we-digitalise.de\/sandeco\/galerie\/","og_locale":"de_DE","og_type":"article","og_title":"Galerie - San Deco Vorschau","og_url":"http:\/\/vorschau.we-digitalise.de\/sandeco\/galerie\/","og_site_name":"San Deco Vorschau","article_modified_time":"2021-06-21T06:09:58+00:00","twitter_card":"summary_large_image","twitter_misc":{"Gesch\u00e4tzte Lesezeit":"2\u00a0Minuten"},"schema":{"@context":"https:\/\/schema.org","@graph":[{"@type":"WebPage","@id":"http:\/\/vorschau.we-digitalise.de\/sandeco\/galerie\/","url":"http:\/\/vorschau.we-digitalise.de\/sandeco\/galerie\/","name":"Galerie - San Deco Vorschau","isPartOf":{"@id":"https:\/\/vorschau.we-digitalise.de\/sandeco\/#website"},"datePublished":"2021-05-14T15:22:33+00:00","dateModified":"2021-06-21T06:09:58+00:00","breadcrumb":{"@id":"http:\/\/vorschau.we-digitalise.de\/sandeco\/galerie\/#breadcrumb"},"inLanguage":"de","potentialAction":[{"@type":"ReadAction","target":["http:\/\/vorschau.we-digitalise.de\/sandeco\/galerie\/"]}]},{"@type":"BreadcrumbList","@id":"http:\/\/vorschau.we-digitalise.de\/sandeco\/galerie\/#breadcrumb","itemListElement":[{"@type":"ListItem","position":1,"name":"Home","item":"https:\/\/vorschau.we-digitalise.de\/sandeco\/"},{"@type":"ListItem","position":2,"name":"Galerie"}]},{"@type":"WebSite","@id":"https:\/\/vorschau.we-digitalise.de\/sandeco\/#website","url":"https:\/\/vorschau.we-digitalise.de\/sandeco\/","name":"San Deco Vorschau","description":"Just another WordPress site","potentialAction":[{"@type":"SearchAction","target":{"@type":"EntryPoint","urlTemplate":"https:\/\/vorschau.we-digitalise.de\/sandeco\/?s={search_term_string}"},"query-input":{"@type":"PropertyValueSpecification","valueRequired":true,"valueName":"search_term_string"}}],"inLanguage":"de"}]}},"_links":{"self":[{"href":"https:\/\/vorschau.we-digitalise.de\/sandeco\/wp-json\/wp\/v2\/pages\/1379","targetHints":{"allow":["GET"]}}],"collection":[{"href":"https:\/\/vorschau.we-digitalise.de\/sandeco\/wp-json\/wp\/v2\/pages"}],"about":[{"href":"https:\/\/vorschau.we-digitalise.de\/sandeco\/wp-json\/wp\/v2\/types\/page"}],"author":[{"embeddable":true,"href":"https:\/\/vorschau.we-digitalise.de\/sandeco\/wp-json\/wp\/v2\/users\/1"}],"replies":[{"embeddable":true,"href":"https:\/\/vorschau.we-digitalise.de\/sandeco\/wp-json\/wp\/v2\/comments?post=1379"}],"version-history":[{"count":13,"href":"https:\/\/vorschau.we-digitalise.de\/sandeco\/wp-json\/wp\/v2\/pages\/1379\/revisions"}],"predecessor-version":[{"id":2191,"href":"https:\/\/vorschau.we-digitalise.de\/sandeco\/wp-json\/wp\/v2\/pages\/1379\/revisions\/2191"}],"wp:attachment":[{"href":"https:\/\/vorschau.we-digitalise.de\/sandeco\/wp-json\/wp\/v2\/media?parent=1379"}],"curies":[{"name":"wp","href":"https:\/\/api.w.org\/{rel}","templated":true}]}}